{"id":1785,"date":"2022-08-08T13:58:07","date_gmt":"2022-08-08T11:58:07","guid":{"rendered":"https:\/\/www.bosflow.com\/?page_id=1785"},"modified":"2026-01-26T15:52:44","modified_gmt":"2026-01-26T14:52:44","slug":"system-administration","status":"publish","type":"page","link":"https:\/\/www.bosflow.com\/en\/system-modules\/system-administration\/","title":{"rendered":"System Administration"},"content":{"rendered":"","protected":false},"excerpt":{"rendered":"","protected":false},"author":13,"featured_media":1784,"parent":1731,"menu_order":9,"comment_status":"closed","ping_status":"closed","template":"","meta":{"_acf_changed":false,"footnotes":""},"class_list":["post-1785","page","type-page","status-publish","has-post-thumbnail","hentry"],"acf":[],"yoast_head":"<!-- This site is optimized with the Yoast SEO plugin v27.0 - https:\/\/yoast.com\/product\/yoast-seo-wordpress\/ -->\n<title>System Administration - Bosflow<\/title>\n<meta name=\"robots\" content=\"index, follow, max-snippet:-1, max-image-preview:large, max-video-preview:-1\" \/>\n<link rel=\"canonical\" href=\"https:\/\/www.bosflow.com\/en\/system-modules\/system-administration\/\" \/>\n<meta property=\"og:locale\" content=\"en_US\" \/>\n<meta property=\"og:type\" content=\"article\" \/>\n<meta property=\"og:title\" content=\"System Administration - Bosflow\" \/>\n<meta property=\"og:url\" content=\"https:\/\/www.bosflow.com\/en\/system-modules\/system-administration\/\" \/>\n<meta property=\"og:site_name\" content=\"Bosflow\" \/>\n<meta property=\"article:modified_time\" content=\"2026-01-26T14:52:44+00:00\" \/>\n<meta property=\"og:image\" content=\"https:\/\/www.bosflow.com\/wp-content\/uploads\/2022\/08\/modul-administrowanie-systemem.jpg\" \/>\n\t<meta property=\"og:image:width\" content=\"1350\" \/>\n\t<meta property=\"og:image:height\" content=\"560\" \/>\n\t<meta property=\"og:image:type\" content=\"image\/jpeg\" \/>\n<meta name=\"twitter:card\" content=\"summary_large_image\" \/>\n<meta name=\"twitter:label1\" content=\"Est. reading time\" \/>\n\t<meta name=\"twitter:data1\" content=\"1 minute\" \/>\n<script type=\"application\/ld+json\" class=\"yoast-schema-graph\">{\"@context\":\"https:\/\/schema.org\",\"@graph\":[{\"@type\":\"WebPage\",\"@id\":\"https:\/\/www.bosflow.com\/en\/system-modules\/system-administration\/\",\"url\":\"https:\/\/www.bosflow.com\/en\/system-modules\/system-administration\/\",\"name\":\"System Administration - Bosflow\",\"isPartOf\":{\"@id\":\"https:\/\/www.bosflow.com\/en\/#website\"},\"primaryImageOfPage\":{\"@id\":\"https:\/\/www.bosflow.com\/en\/system-modules\/system-administration\/#primaryimage\"},\"image\":{\"@id\":\"https:\/\/www.bosflow.com\/en\/system-modules\/system-administration\/#primaryimage\"},\"thumbnailUrl\":\"https:\/\/www.bosflow.com\/wp-content\/uploads\/2022\/08\/modul-administrowanie-systemem.jpg\",\"datePublished\":\"2022-08-08T11:58:07+00:00\",\"dateModified\":\"2026-01-26T14:52:44+00:00\",\"breadcrumb\":{\"@id\":\"https:\/\/www.bosflow.com\/en\/system-modules\/system-administration\/#breadcrumb\"},\"inLanguage\":\"en-US\",\"potentialAction\":[{\"@type\":\"ReadAction\",\"target\":[\"https:\/\/www.bosflow.com\/en\/system-modules\/system-administration\/\"]}]},{\"@type\":\"ImageObject\",\"inLanguage\":\"en-US\",\"@id\":\"https:\/\/www.bosflow.com\/en\/system-modules\/system-administration\/#primaryimage\",\"url\":\"https:\/\/www.bosflow.com\/wp-content\/uploads\/2022\/08\/modul-administrowanie-systemem.jpg\",\"contentUrl\":\"https:\/\/www.bosflow.com\/wp-content\/uploads\/2022\/08\/modul-administrowanie-systemem.jpg\",\"width\":1350,\"height\":560,\"caption\":\"Administrowanie systemem Bosflow jest proste i nie wymaga znajomo\u015bci \u017cadnego j\u0119zyka programowania.\"},{\"@type\":\"BreadcrumbList\",\"@id\":\"https:\/\/www.bosflow.com\/en\/system-modules\/system-administration\/#breadcrumb\",\"itemListElement\":[{\"@type\":\"ListItem\",\"position\":1,\"name\":\"System Modules\",\"item\":\"https:\/\/www.bosflow.com\/en\/system-modules\/\"},{\"@type\":\"ListItem\",\"position\":2,\"name\":\"System Administration\"}]},{\"@type\":\"WebSite\",\"@id\":\"https:\/\/www.bosflow.com\/en\/#website\",\"url\":\"https:\/\/www.bosflow.com\/en\/\",\"name\":\"Bosflow\",\"description\":\"Business Online Services\",\"potentialAction\":[{\"@type\":\"SearchAction\",\"target\":{\"@type\":\"EntryPoint\",\"urlTemplate\":\"https:\/\/www.bosflow.com\/en\/?s={search_term_string}\"},\"query-input\":{\"@type\":\"PropertyValueSpecification\",\"valueRequired\":true,\"valueName\":\"search_term_string\"}}],\"inLanguage\":\"en-US\"}]}<\/script>\n<!-- \/ Yoast SEO plugin. -->","yoast_head_json":{"title":"System Administration - Bosflow","robots":{"index":"index","follow":"follow","max-snippet":"max-snippet:-1","max-image-preview":"max-image-preview:large","max-video-preview":"max-video-preview:-1"},"canonical":"https:\/\/www.bosflow.com\/en\/system-modules\/system-administration\/","og_locale":"en_US","og_type":"article","og_title":"System Administration - Bosflow","og_url":"https:\/\/www.bosflow.com\/en\/system-modules\/system-administration\/","og_site_name":"Bosflow","article_modified_time":"2026-01-26T14:52:44+00:00","og_image":[{"width":1350,"height":560,"url":"https:\/\/www.bosflow.com\/wp-content\/uploads\/2022\/08\/modul-administrowanie-systemem.jpg","type":"image\/jpeg"}],"twitter_card":"summary_large_image","twitter_misc":{"Est. reading time":"1 minute"},"schema":{"@context":"https:\/\/schema.org","@graph":[{"@type":"WebPage","@id":"https:\/\/www.bosflow.com\/en\/system-modules\/system-administration\/","url":"https:\/\/www.bosflow.com\/en\/system-modules\/system-administration\/","name":"System Administration - Bosflow","isPartOf":{"@id":"https:\/\/www.bosflow.com\/en\/#website"},"primaryImageOfPage":{"@id":"https:\/\/www.bosflow.com\/en\/system-modules\/system-administration\/#primaryimage"},"image":{"@id":"https:\/\/www.bosflow.com\/en\/system-modules\/system-administration\/#primaryimage"},"thumbnailUrl":"https:\/\/www.bosflow.com\/wp-content\/uploads\/2022\/08\/modul-administrowanie-systemem.jpg","datePublished":"2022-08-08T11:58:07+00:00","dateModified":"2026-01-26T14:52:44+00:00","breadcrumb":{"@id":"https:\/\/www.bosflow.com\/en\/system-modules\/system-administration\/#breadcrumb"},"inLanguage":"en-US","potentialAction":[{"@type":"ReadAction","target":["https:\/\/www.bosflow.com\/en\/system-modules\/system-administration\/"]}]},{"@type":"ImageObject","inLanguage":"en-US","@id":"https:\/\/www.bosflow.com\/en\/system-modules\/system-administration\/#primaryimage","url":"https:\/\/www.bosflow.com\/wp-content\/uploads\/2022\/08\/modul-administrowanie-systemem.jpg","contentUrl":"https:\/\/www.bosflow.com\/wp-content\/uploads\/2022\/08\/modul-administrowanie-systemem.jpg","width":1350,"height":560,"caption":"Administrowanie systemem Bosflow jest proste i nie wymaga znajomo\u015bci \u017cadnego j\u0119zyka programowania."},{"@type":"BreadcrumbList","@id":"https:\/\/www.bosflow.com\/en\/system-modules\/system-administration\/#breadcrumb","itemListElement":[{"@type":"ListItem","position":1,"name":"System Modules","item":"https:\/\/www.bosflow.com\/en\/system-modules\/"},{"@type":"ListItem","position":2,"name":"System Administration"}]},{"@type":"WebSite","@id":"https:\/\/www.bosflow.com\/en\/#website","url":"https:\/\/www.bosflow.com\/en\/","name":"Bosflow","description":"Business Online Services","potentialAction":[{"@type":"SearchAction","target":{"@type":"EntryPoint","urlTemplate":"https:\/\/www.bosflow.com\/en\/?s={search_term_string}"},"query-input":{"@type":"PropertyValueSpecification","valueRequired":true,"valueName":"search_term_string"}}],"inLanguage":"en-US"}]}},"_links":{"self":[{"href":"https:\/\/www.bosflow.com\/en\/wp-json\/wp\/v2\/pages\/1785","targetHints":{"allow":["GET"]}}],"collection":[{"href":"https:\/\/www.bosflow.com\/en\/wp-json\/wp\/v2\/pages"}],"about":[{"href":"https:\/\/www.bosflow.com\/en\/wp-json\/wp\/v2\/types\/page"}],"author":[{"embeddable":true,"href":"https:\/\/www.bosflow.com\/en\/wp-json\/wp\/v2\/users\/13"}],"replies":[{"embeddable":true,"href":"https:\/\/www.bosflow.com\/en\/wp-json\/wp\/v2\/comments?post=1785"}],"version-history":[{"count":2,"href":"https:\/\/www.bosflow.com\/en\/wp-json\/wp\/v2\/pages\/1785\/revisions"}],"predecessor-version":[{"id":1789,"href":"https:\/\/www.bosflow.com\/en\/wp-json\/wp\/v2\/pages\/1785\/revisions\/1789"}],"up":[{"embeddable":true,"href":"https:\/\/www.bosflow.com\/en\/wp-json\/wp\/v2\/pages\/1731"}],"wp:featuredmedia":[{"embeddable":true,"href":"https:\/\/www.bosflow.com\/en\/wp-json\/wp\/v2\/media\/1784"}],"wp:attachment":[{"href":"https:\/\/www.bosflow.com\/en\/wp-json\/wp\/v2\/media?parent=1785"}],"curies":[{"name":"wp","href":"https:\/\/api.w.org\/{rel}","templated":true}]}}