{"id":1725,"date":"2022-08-08T13:58:32","date_gmt":"2022-08-08T11:58:32","guid":{"rendered":"https:\/\/www.bosflow.com\/?page_id=1725"},"modified":"2026-01-26T15:53:27","modified_gmt":"2026-01-26T14:53:27","slug":"our-expertise","status":"publish","type":"page","link":"https:\/\/www.bosflow.com\/en\/why-bosflow\/our-expertise\/","title":{"rendered":"Our Expertise"},"content":{"rendered":"","protected":false},"excerpt":{"rendered":"","protected":false},"author":13,"featured_media":1613,"parent":1711,"menu_order":0,"comment_status":"closed","ping_status":"closed","template":"page-why-our-competenciest.php","meta":{"_acf_changed":false,"footnotes":""},"class_list":["post-1725","page","type-page","status-publish","has-post-thumbnail","hentry"],"acf":[],"yoast_head":"<!-- This site is optimized with the Yoast SEO plugin v27.0 - https:\/\/yoast.com\/product\/yoast-seo-wordpress\/ -->\n<title>Our Expertise - Bosflow<\/title>\n<meta name=\"robots\" content=\"index, follow, max-snippet:-1, max-image-preview:large, max-video-preview:-1\" \/>\n<link rel=\"canonical\" href=\"https:\/\/www.bosflow.com\/en\/why-bosflow\/our-expertise\/\" \/>\n<meta property=\"og:locale\" content=\"en_US\" \/>\n<meta property=\"og:type\" content=\"article\" \/>\n<meta property=\"og:title\" content=\"Our Expertise - Bosflow\" \/>\n<meta property=\"og:url\" content=\"https:\/\/www.bosflow.com\/en\/why-bosflow\/our-expertise\/\" \/>\n<meta property=\"og:site_name\" content=\"Bosflow\" \/>\n<meta property=\"article:modified_time\" content=\"2026-01-26T14:53:27+00:00\" \/>\n<meta property=\"og:image\" content=\"https:\/\/www.bosflow.com\/wp-content\/uploads\/2022\/08\/nasze-kompetencje.jpg\" \/>\n\t<meta property=\"og:image:width\" content=\"600\" \/>\n\t<meta property=\"og:image:height\" content=\"560\" \/>\n\t<meta property=\"og:image:type\" content=\"image\/jpeg\" \/>\n<meta name=\"twitter:card\" content=\"summary_large_image\" \/>\n<meta name=\"twitter:label1\" content=\"Est. reading time\" \/>\n\t<meta name=\"twitter:data1\" content=\"1 minute\" \/>\n<script type=\"application\/ld+json\" class=\"yoast-schema-graph\">{\"@context\":\"https:\/\/schema.org\",\"@graph\":[{\"@type\":\"WebPage\",\"@id\":\"https:\/\/www.bosflow.com\/en\/why-bosflow\/our-expertise\/\",\"url\":\"https:\/\/www.bosflow.com\/en\/why-bosflow\/our-expertise\/\",\"name\":\"Our Expertise - Bosflow\",\"isPartOf\":{\"@id\":\"https:\/\/www.bosflow.com\/en\/#website\"},\"primaryImageOfPage\":{\"@id\":\"https:\/\/www.bosflow.com\/en\/why-bosflow\/our-expertise\/#primaryimage\"},\"image\":{\"@id\":\"https:\/\/www.bosflow.com\/en\/why-bosflow\/our-expertise\/#primaryimage\"},\"thumbnailUrl\":\"https:\/\/www.bosflow.com\/wp-content\/uploads\/2022\/08\/nasze-kompetencje.jpg\",\"datePublished\":\"2022-08-08T11:58:32+00:00\",\"dateModified\":\"2026-01-26T14:53:27+00:00\",\"breadcrumb\":{\"@id\":\"https:\/\/www.bosflow.com\/en\/why-bosflow\/our-expertise\/#breadcrumb\"},\"inLanguage\":\"en-US\",\"potentialAction\":[{\"@type\":\"ReadAction\",\"target\":[\"https:\/\/www.bosflow.com\/en\/why-bosflow\/our-expertise\/\"]}]},{\"@type\":\"ImageObject\",\"inLanguage\":\"en-US\",\"@id\":\"https:\/\/www.bosflow.com\/en\/why-bosflow\/our-expertise\/#primaryimage\",\"url\":\"https:\/\/www.bosflow.com\/wp-content\/uploads\/2022\/08\/nasze-kompetencje.jpg\",\"contentUrl\":\"https:\/\/www.bosflow.com\/wp-content\/uploads\/2022\/08\/nasze-kompetencje.jpg\",\"width\":600,\"height\":560,\"caption\":\"Specjali\u015bci Business Online Services przeprowadz\u0105 dla Ciebie automatyzacj\u0119 proces\u00f3w biznesowych opart\u0105 o system Bosflow.\"},{\"@type\":\"BreadcrumbList\",\"@id\":\"https:\/\/www.bosflow.com\/en\/why-bosflow\/our-expertise\/#breadcrumb\",\"itemListElement\":[{\"@type\":\"ListItem\",\"position\":1,\"name\":\"Why Bosflow?\",\"item\":\"https:\/\/www.bosflow.com\/en\/why-bosflow\/\"},{\"@type\":\"ListItem\",\"position\":2,\"name\":\"Our Expertise\"}]},{\"@type\":\"WebSite\",\"@id\":\"https:\/\/www.bosflow.com\/en\/#website\",\"url\":\"https:\/\/www.bosflow.com\/en\/\",\"name\":\"Bosflow\",\"description\":\"Business Online Services\",\"potentialAction\":[{\"@type\":\"SearchAction\",\"target\":{\"@type\":\"EntryPoint\",\"urlTemplate\":\"https:\/\/www.bosflow.com\/en\/?s={search_term_string}\"},\"query-input\":{\"@type\":\"PropertyValueSpecification\",\"valueRequired\":true,\"valueName\":\"search_term_string\"}}],\"inLanguage\":\"en-US\"}]}<\/script>\n<!-- \/ Yoast SEO plugin. -->","yoast_head_json":{"title":"Our Expertise - Bosflow","robots":{"index":"index","follow":"follow","max-snippet":"max-snippet:-1","max-image-preview":"max-image-preview:large","max-video-preview":"max-video-preview:-1"},"canonical":"https:\/\/www.bosflow.com\/en\/why-bosflow\/our-expertise\/","og_locale":"en_US","og_type":"article","og_title":"Our Expertise - Bosflow","og_url":"https:\/\/www.bosflow.com\/en\/why-bosflow\/our-expertise\/","og_site_name":"Bosflow","article_modified_time":"2026-01-26T14:53:27+00:00","og_image":[{"width":600,"height":560,"url":"https:\/\/www.bosflow.com\/wp-content\/uploads\/2022\/08\/nasze-kompetencje.jpg","type":"image\/jpeg"}],"twitter_card":"summary_large_image","twitter_misc":{"Est. reading time":"1 minute"},"schema":{"@context":"https:\/\/schema.org","@graph":[{"@type":"WebPage","@id":"https:\/\/www.bosflow.com\/en\/why-bosflow\/our-expertise\/","url":"https:\/\/www.bosflow.com\/en\/why-bosflow\/our-expertise\/","name":"Our Expertise - Bosflow","isPartOf":{"@id":"https:\/\/www.bosflow.com\/en\/#website"},"primaryImageOfPage":{"@id":"https:\/\/www.bosflow.com\/en\/why-bosflow\/our-expertise\/#primaryimage"},"image":{"@id":"https:\/\/www.bosflow.com\/en\/why-bosflow\/our-expertise\/#primaryimage"},"thumbnailUrl":"https:\/\/www.bosflow.com\/wp-content\/uploads\/2022\/08\/nasze-kompetencje.jpg","datePublished":"2022-08-08T11:58:32+00:00","dateModified":"2026-01-26T14:53:27+00:00","breadcrumb":{"@id":"https:\/\/www.bosflow.com\/en\/why-bosflow\/our-expertise\/#breadcrumb"},"inLanguage":"en-US","potentialAction":[{"@type":"ReadAction","target":["https:\/\/www.bosflow.com\/en\/why-bosflow\/our-expertise\/"]}]},{"@type":"ImageObject","inLanguage":"en-US","@id":"https:\/\/www.bosflow.com\/en\/why-bosflow\/our-expertise\/#primaryimage","url":"https:\/\/www.bosflow.com\/wp-content\/uploads\/2022\/08\/nasze-kompetencje.jpg","contentUrl":"https:\/\/www.bosflow.com\/wp-content\/uploads\/2022\/08\/nasze-kompetencje.jpg","width":600,"height":560,"caption":"Specjali\u015bci Business Online Services przeprowadz\u0105 dla Ciebie automatyzacj\u0119 proces\u00f3w biznesowych opart\u0105 o system Bosflow."},{"@type":"BreadcrumbList","@id":"https:\/\/www.bosflow.com\/en\/why-bosflow\/our-expertise\/#breadcrumb","itemListElement":[{"@type":"ListItem","position":1,"name":"Why Bosflow?","item":"https:\/\/www.bosflow.com\/en\/why-bosflow\/"},{"@type":"ListItem","position":2,"name":"Our Expertise"}]},{"@type":"WebSite","@id":"https:\/\/www.bosflow.com\/en\/#website","url":"https:\/\/www.bosflow.com\/en\/","name":"Bosflow","description":"Business Online Services","potentialAction":[{"@type":"SearchAction","target":{"@type":"EntryPoint","urlTemplate":"https:\/\/www.bosflow.com\/en\/?s={search_term_string}"},"query-input":{"@type":"PropertyValueSpecification","valueRequired":true,"valueName":"search_term_string"}}],"inLanguage":"en-US"}]}},"_links":{"self":[{"href":"https:\/\/www.bosflow.com\/en\/wp-json\/wp\/v2\/pages\/1725","targetHints":{"allow":["GET"]}}],"collection":[{"href":"https:\/\/www.bosflow.com\/en\/wp-json\/wp\/v2\/pages"}],"about":[{"href":"https:\/\/www.bosflow.com\/en\/wp-json\/wp\/v2\/types\/page"}],"author":[{"embeddable":true,"href":"https:\/\/www.bosflow.com\/en\/wp-json\/wp\/v2\/users\/13"}],"replies":[{"embeddable":true,"href":"https:\/\/www.bosflow.com\/en\/wp-json\/wp\/v2\/comments?post=1725"}],"version-history":[{"count":2,"href":"https:\/\/www.bosflow.com\/en\/wp-json\/wp\/v2\/pages\/1725\/revisions"}],"predecessor-version":[{"id":1727,"href":"https:\/\/www.bosflow.com\/en\/wp-json\/wp\/v2\/pages\/1725\/revisions\/1727"}],"up":[{"embeddable":true,"href":"https:\/\/www.bosflow.com\/en\/wp-json\/wp\/v2\/pages\/1711"}],"wp:featuredmedia":[{"embeddable":true,"href":"https:\/\/www.bosflow.com\/en\/wp-json\/wp\/v2\/media\/1613"}],"wp:attachment":[{"href":"https:\/\/www.bosflow.com\/en\/wp-json\/wp\/v2\/media?parent=1725"}],"curies":[{"name":"wp","href":"https:\/\/api.w.org\/{rel}","templated":true}]}}